{"id":2935,"date":"2026-04-20T12:05:03","date_gmt":"2026-04-20T09:05:03","guid":{"rendered":"http:\/\/rcbelectro.ro\/?page_id=2935"},"modified":"2026-04-21T15:00:34","modified_gmt":"2026-04-21T12:00:34","slug":"robotica-in-producerea-cablurilor-electrice-smis-316629","status":"publish","type":"page","link":"http:\/\/rcbelectro.ro\/en\/robotica-in-producerea-cablurilor-electrice-smis-316629\/","title":{"rendered":"Robotic\u0103 \u00een producerea cablurilor electrice SMIS 316629"},"content":{"rendered":"<div id=\"pl-2935\"  class=\"panel-layout\" ><div id=\"pg-2935-0\"  class=\"panel-grid panel-has-style\" ><div class=\"siteorigin-panels-stretch panel-row-style panel-row-style-for-2935-0\" data-stretch-type=\"full\" ><div id=\"pgc-2935-0-0\"  class=\"panel-grid-cell\" ><div id=\"panel-2935-0-0-0\" class=\"so-panel widget widget_sow-editor panel-first-child\" data-index=\"0\" ><div class=\"panel-widget-style panel-widget-style-for-2935-0-0-0\" ><div class=\"so-widget-sow-editor so-widget-sow-editor-base\">\n<div class=\"siteorigin-widget-tinymce textwidget\">\n\t<p><img class=\"aligncenter\" src=\"http:\/\/rcbelectro.ro\/wp-content\/uploads\/2026\/04\/RoboticaImage001.png\" alt=\"\"><\/p>\n<h4 style=\"text-align: center;\"><b><strong>ROBOTIC\u0102 \u00ceN PRODUCEREA CABLURILOR ELECTRICE, cod<\/strong><\/b>&nbsp;<b><strong>SMIS 316629<\/strong><\/b><\/h4>\n<div style=\"display: flex; height: 150px;\"><img class=\"aligncenter\" style=\"width: 100%; height: 100%; object-fit: cover;\" src=\"http:\/\/rcbelectro.ro\/wp-content\/uploads\/2026\/04\/Robot-paletizator-2-scaled.jpg\" alt=\"\"><\/div>\n<p><strong>Descrierea proiectului<\/strong> Proiectul <strong>\u201eRobotic\u0103 \u00een producerea cablurilor electrice\u201d<\/strong> <strong>SMIS 316629<\/strong>, avand data de \u00eencepere 28.05.2024 \u0219i finalizat la data de 30.04.2026, reprezint\u0103 o investi\u021bie strategic\u0103 prin care compania RCB ELECTRO 97 SA \u00ee\u0219i propune consolidarea pozi\u021biei pe pia\u021b\u0103 prin modernizarea \u0219i automatizarea proceselor de produc\u021bie, utiliz\u00e2nd tehnologii de ultim\u0103 genera\u021bie bazate pe robotic\u0103 \u0219i digitalizare. <strong>Obiectivul general<\/strong> al proiectului \u00eel reprezint\u0103 cre\u0219terea competitivit\u0103\u021bii companiei \u00eentr-un domeniu industrial dinamic, prin implementarea unor solu\u021bii automatizate \u0219i robotizate care conduc la eficientizarea proceselor de produc\u021bie \u0219i la cre\u0219terea valorii ad\u0103ugate a produselor realizate. Pentru atingerea acestui obiectiv, proiectul urm\u0103re\u0219te o serie de <strong>obiective specifice<\/strong>:<\/p>\n<ul>\n<li><strong>Cre\u0219terea capacit\u0103\u021bii de produc\u021bie<\/strong> prin achizi\u021bia de echipamente tehnologice avansate, echipamente IT \u0219i solu\u021bii software dedicate;<\/li>\n<li><strong>Digitalizarea \u0219i automatizarea<\/strong> fluxurilor de produc\u021bie prin integrarea tehnologiilor Industry 4.0;<\/li>\n<li><strong>Crearea a 4 noi locuri de munc\u0103,<\/strong> dintre care un loc de munc\u0103 va fi ocupat de o persoan\u0103 din categoria persoanelor defavorizate, contribuind la dezvoltarea capitalului uman din Regiunea Nord Vest;<\/li>\n<li><strong>\u00cembun\u0103t\u0103\u021birea accesibilit\u0103\u021bii infrastructurii<\/strong> prin adaptarea unui grup sanitar pentru persoane cu dizabilit\u0103\u021bi.<\/li>\n<\/ul>\n<p>Prin implementarea acestor obiective, proiectul sus\u021bine tranzi\u021bia companiei c\u0103tre un model de produc\u021bie inteligent, capabil s\u0103 r\u0103spund\u0103 rapid cerin\u021belor pie\u021bei, s\u0103 optimizeze consumul de resurse \u0219i s\u0103 asigure produse cu standarde ridicate de calitate \u0219i siguran\u021b\u0103. Investi\u021bia va permite realizarea de cabluri electrice inovatoare, inclusiv solu\u021bii f\u0103r\u0103 halogeni, cu impact redus asupra mediului \u0219i performan\u021be tehnice superioare. Proiectul se aliniaz\u0103 direct cu Strategia de Specializare Inteligent\u0103 a Regiunii Nord-Vest (RIS3), fiind \u00eencadrat \u00een domeniile:<\/p>\n<ul>\n<li><strong>Materiale noi<\/strong>, prin utilizarea de compu\u0219i inovatori \u0219i solu\u021bii sustenabile \u00een fabricarea cablurilor;<\/li>\n<li><strong>Tehnologii de produc\u021bie avansate<\/strong>, prin integrarea roboticii, automatiz\u0103rii \u0219i digitaliz\u0103rii proceselor industriale.<\/li>\n<\/ul>\n<p>Astfel, proiectul contribuie la dezvoltarea unei industrii moderne, competitive \u0219i orientate spre inovare, gener\u00e2nd impact economic \u0219i tehnologic la nivel regional. &nbsp; <strong>Stadiul proiectului la data de 27.11.2024<\/strong> \u00cen cadrul proiectului s-au realizat urm\u0103toarele activit\u0103\u021bi:<\/p>\n<ul>\n<li>S-a publicat comunicatul de pres\u0103 incepere proiect, s-au achizi\u021bionat autocolantele \u0219i s-a montat panoul temporar<\/li>\n<li>S-au achizi\u021bionat urm\u0103toarele echipamente \u0219i active necorporale:\n<ul>\n<li>Sistem fotovoltaic<\/li>\n<li>Server - 4 buc\u0103\u021bi, Desktop \u2013 10 buc\u0103\u021bi, Laptop - 4 buc\u0103\u021bi, Multifunc\u021bional\u0103 color \u2013 1 bucat\u0103, Terminal mobil - 5 buc\u0103\u021bi, Imprimant\u0103 etichete - 5 buc\u0103\u021bi, NVR - 1 bucat\u0103, Licen\u021b\u0103 sistem de operare pentru server - 2 buc\u0103\u021bi, CAL - Licen\u021b\u0103 acces server - 16 buc\u0103\u021bi, Licen\u021b\u0103 sofware baz\u0103 de date \u2013 2 buc\u0103\u021bi, CAL - Licen\u021b\u0103 acces server SQL - 14 buc\u0103\u021bi<\/li>\n<\/ul>\n<\/li>\n<\/ul>\n<p><strong>Stadiul proiectului la data de 27.05.2025<\/strong> \u00cen cadrul proiectului s-au realizat urm\u0103toarele: s-a achizi\u021bionat \u0219i pus \u00een func\u021biune Linie de bobinare automata \u2013 1 bucat\u0103 <strong>Stadiul proiectului la data de 27.11.2025<\/strong> \u00cen cadrul proiectului s-au realizat urm\u0103toarele: s-au achizi\u021bionat \u0219i pus \u00een func\u021biune Extruder 100 mm \u2013 1 bucat\u0103, Extruder 60 mm \u2013 1 bucat\u0103 <strong>Stadiul proiectului la data de 30.04.2026<\/strong> \u00cen cadrul proiectului s-au realizat urm\u0103toarele activit\u0103\u021bi: s-a publicat comunicatul de pres\u0103 privind finalizarea proiectului proiect, s-a achizi\u021bionat \u0219i s-a montat pla permanent\u0103.<\/p>\n<\/div>\n<\/div><\/div><\/div><div id=\"panel-2935-0-0-1\" class=\"so-panel widget widget_media_gallery\" data-index=\"1\" ><h3 class=\"widget-title\">Galerie foto<\/h3><div id='gallery-1' class='gallery galleryid-2935 gallery-columns-4 gallery-size-thumbnail'><figure class='gallery-item'>\r\n\t\t\t<div class='gallery-icon portrait'>\r\n\t\t\t\t<a href='http:\/\/rcbelectro.ro\/wp-content\/uploads\/2026\/04\/Extruder-scaled.jpg'><img width=\"150\" height=\"150\" src=\"http:\/\/rcbelectro.ro\/wp-content\/uploads\/2026\/04\/Extruder-150x150.jpg\" class=\"attachment-thumbnail size-thumbnail\" alt=\"\" loading=\"lazy\" \/><\/a>\r\n\t\t\t<\/div><\/figure><figure class='gallery-item'>\r\n\t\t\t<div class='gallery-icon portrait'>\r\n\t\t\t\t<a href='http:\/\/rcbelectro.ro\/wp-content\/uploads\/2026\/04\/Imprimanta-Epson-scaled.jpg'><img width=\"150\" height=\"150\" src=\"http:\/\/rcbelectro.ro\/wp-content\/uploads\/2026\/04\/Imprimanta-Epson-150x150.jpg\" class=\"attachment-thumbnail size-thumbnail\" alt=\"\" loading=\"lazy\" \/><\/a>\r\n\t\t\t<\/div><\/figure><figure class='gallery-item'>\r\n\t\t\t<div class='gallery-icon portrait'>\r\n\t\t\t\t<a href='http:\/\/rcbelectro.ro\/wp-content\/uploads\/2026\/04\/Imprimanta-si-scanner-scaled.jpg'><img width=\"150\" height=\"150\" src=\"http:\/\/rcbelectro.ro\/wp-content\/uploads\/2026\/04\/Imprimanta-si-scanner-150x150.jpg\" class=\"attachment-thumbnail size-thumbnail\" alt=\"\" loading=\"lazy\" \/><\/a>\r\n\t\t\t<\/div><\/figure><figure class='gallery-item'>\r\n\t\t\t<div class='gallery-icon portrait'>\r\n\t\t\t\t<a href='http:\/\/rcbelectro.ro\/wp-content\/uploads\/2026\/04\/Laptop-scaled.jpg'><img width=\"150\" height=\"150\" src=\"http:\/\/rcbelectro.ro\/wp-content\/uploads\/2026\/04\/Laptop-150x150.jpg\" class=\"attachment-thumbnail size-thumbnail\" alt=\"\" loading=\"lazy\" \/><\/a>\r\n\t\t\t<\/div><\/figure><figure class='gallery-item'>\r\n\t\t\t<div class='gallery-icon portrait'>\r\n\t\t\t\t<a href='http:\/\/rcbelectro.ro\/wp-content\/uploads\/2026\/04\/Masina-de-luat-in-colaci-scaled.jpg'><img width=\"150\" height=\"150\" src=\"http:\/\/rcbelectro.ro\/wp-content\/uploads\/2026\/04\/Masina-de-luat-in-colaci-150x150.jpg\" class=\"attachment-thumbnail size-thumbnail\" alt=\"\" loading=\"lazy\" \/><\/a>\r\n\t\t\t<\/div><\/figure><figure class='gallery-item'>\r\n\t\t\t<div class='gallery-icon landscape'>\r\n\t\t\t\t<a href='http:\/\/rcbelectro.ro\/wp-content\/uploads\/2026\/04\/Servere-scaled.jpg'><img width=\"150\" height=\"150\" src=\"http:\/\/rcbelectro.ro\/wp-content\/uploads\/2026\/04\/Servere-150x150.jpg\" class=\"attachment-thumbnail size-thumbnail\" alt=\"\" loading=\"lazy\" \/><\/a>\r\n\t\t\t<\/div><\/figure><\/div>\n<\/div><div id=\"panel-2935-0-0-2\" class=\"widget_text so-panel widget widget_custom_html\" data-index=\"2\" ><div class=\"textwidget custom-html-widget\">\r\n    <div>        \r\n    <video id=\"plyr69f4c98c7b778\" controls class=\"easy-video-player\">\r\n       <source src=\"http:\/\/rcbelectro.ro\/wp-content\/uploads\/2026\/04\/VID_20260421_105009-Manual-segmentation-1.mp4\" type=\"video\/mp4\" \/>\r\n    <\/video>\r\n    <\/div>    <script>\r\n        const evplayerplyr69f4c98c7b778 = new Plyr(document.getElementById('plyr69f4c98c7b778'));\r\n        evplayerplyr69f4c98c7b778.ratio = '16:9';\r\n        evplayerplyr69f4c98c7b778.iconUrl = 'http:\/\/rcbelectro.ro\/wp-content\/plugins\/easy-video-player\/lib\/plyr.svg';\r\n        evplayerplyr69f4c98c7b778.blankVideo = 'http:\/\/rcbelectro.ro\/wp-content\/plugins\/easy-video-player\/lib\/blank.mp4';  \r\n    <\/script><\/div><\/div><div id=\"panel-2935-0-0-3\" class=\"so-panel widget widget_sow-editor panel-last-child\" data-index=\"3\" ><div class=\"so-widget-sow-editor so-widget-sow-editor-base\">\n<div class=\"siteorigin-widget-tinymce textwidget\">\n\t<p><a style=\"display: inline-block; padding: 10px 20px; background-color: #007bff; color: white; text-decoration: none; border-radius: 5px;\" href=\"http:\/\/rcbelectro.ro\/wp-content\/uploads\/2026\/04\/ComPresIncepereSMIS_316629.pdf\">Comunicat de pres\u0103 \u00eencepere proiect<\/a> <a style=\"display: inline-block; padding: 10px 20px; background-color: #007bff; color: white; text-decoration: none; border-radius: 5px;\" href=\"http:\/\/rcbelectro.ro\/wp-content\/uploads\/2026\/04\/ComPresFinalizareSMIS_316629.pdf\"> Comunicat de pres\u0103 finalizare proiect <\/a><\/p>\n<hr>\n<p style=\"font-weight: 400; text-align: center;\">Pentru informa\u021bii detaliate despre celelalte programe cofinan\u021bate de Uniunea European\u0103, v\u0103 invit\u0103m s\u0103<\/p>\n<p style=\"font-weight: 400; text-align: center;\">vizita\u021bi&nbsp;<a href=\"https:\/\/oportunitati-ue.gov.ro\/\">https:\/\/oportunitati-ue.gov.ro\/<\/a><\/p>\n<hr>\n<p style=\"font-weight: 400; text-align: center;\"><b><strong><i><em>Investim \u00een viitorul regiunii!<\/em><\/i><\/strong><\/b><\/p>\n<p style=\"font-weight: 400; text-align: center;\"><b><strong><img class=\"aligncenter\" src=\"http:\/\/rcbelectro.ro\/wp-content\/uploads\/2026\/04\/RoboticaImage003.png\" alt=\"\"><\/strong><\/b><\/p>\n<p style=\"font-weight: 400; text-align: center;\"><a href=\"http:\/\/www.regionordvest.ro\/\"><b><strong>www.regionordvest.ro<\/strong><\/b><\/a><b><strong>&nbsp;<\/strong><\/b><b><strong>&nbsp;&nbsp;I&nbsp;&nbsp;<\/strong><\/b><a href=\"http:\/\/www.nord-vest.ro\/\"><b><strong>www.nord-vest.ro<\/strong><\/b><\/a><\/p>\n<\/div>\n<\/div><\/div><\/div><\/div><\/div><\/div>","protected":false},"excerpt":{"rendered":"<p>ROBOTIC\u0102 \u00ceN PRODUCEREA CABLURILOR ELECTRICE, cod&nbsp;SMIS 316629Descrierea proiectului Proiectul \u201eRobotic\u0103 \u00een producerea cablurilor electrice\u201d SMIS 316629, avand data de \u00eencepere 28.05.2024 \u0219i finalizat la data&hellip;<\/p>\n","protected":false},"author":1,"featured_media":0,"parent":0,"menu_order":0,"comment_status":"closed","ping_status":"closed","template":"","meta":[],"_links":{"self":[{"href":"http:\/\/rcbelectro.ro\/en\/wp-json\/wp\/v2\/pages\/2935"}],"collection":[{"href":"http:\/\/rcbelectro.ro\/en\/wp-json\/wp\/v2\/pages"}],"about":[{"href":"http:\/\/rcbelectro.ro\/en\/wp-json\/wp\/v2\/types\/page"}],"author":[{"embeddable":true,"href":"http:\/\/rcbelectro.ro\/en\/wp-json\/wp\/v2\/users\/1"}],"replies":[{"embeddable":true,"href":"http:\/\/rcbelectro.ro\/en\/wp-json\/wp\/v2\/comments?post=2935"}],"version-history":[{"count":43,"href":"http:\/\/rcbelectro.ro\/en\/wp-json\/wp\/v2\/pages\/2935\/revisions"}],"predecessor-version":[{"id":3014,"href":"http:\/\/rcbelectro.ro\/en\/wp-json\/wp\/v2\/pages\/2935\/revisions\/3014"}],"wp:attachment":[{"href":"http:\/\/rcbelectro.ro\/en\/wp-json\/wp\/v2\/media?parent=2935"}],"curies":[{"name":"wp","href":"https:\/\/api.w.org\/{rel}","templated":true}]}}